{"id":16429,"date":"2024-05-09T21:04:32","date_gmt":"2024-05-09T18:04:32","guid":{"rendered":"https:\/\/helliknits.com\/?post_type=product&#038;p=16429"},"modified":"2025-06-25T23:23:23","modified_gmt":"2025-06-25T20:23:23","slug":"aida-sweater","status":"publish","type":"product","link":"https:\/\/helliknits.com\/fi\/tuote\/aida-sweater\/","title":{"rendered":"Aida sweater"},"content":{"rendered":"<p><strong>Available in Finnish now! English coming soon.<\/strong><\/p>\n<p>Aida-pusero on t\u00e4ydellinen kes\u00e4neule! Se on neulottu 100 % puuvillalangasta, joten se on mukavan viile\u00e4 kuumina kes\u00e4p\u00e4ivin\u00e4, mutta l\u00e4mmitt\u00e4\u00e4 juuri sopivasti my\u00f6s sadep\u00e4ivin\u00e4. Aida-pusero on neulottu 4 mm puikoilla, joten valmista tulee melko nopeasti. Ohjeessa on kaksi kokoa, 38-42 sek\u00e4 44-48.<\/p>\n<p>Aida sweater is the ultimate summer knit! It is made with 100 % cotton, so it is breezy and cool for hot summer days, but warm enough for the chiller days as well. It is knitted with 4 mm needles, so it is relatively quick to make. The pattern includes two sizes, 38-42 and 44-48.<\/p>","protected":false},"excerpt":{"rendered":"<p><strong>Lanka: <\/strong>Hjertegarn Cotton 8\/8 (50 g = 80 m), 500 (600) g<\/p>\n<p><strong>Puikot: <\/strong>4 mm py\u00f6r\u00f6puikko (80 cm) sek\u00e4 4 mm sukkapuikot<\/p>\n<p><strong>Tiheys: <\/strong>18 s = 10 cm sile\u00e4\u00e4 neuletta 4 mm puikoilla<\/p>\n<p><strong>Koot: <\/strong>38-42 (44-48)<\/p>\n<p>&nbsp;<\/p>\n<p><strong>Yarn:<\/strong> Hjertegarn Cotton 8\/8 (50 g = 80 m), 500 (600) g<\/p>\n<p><strong>Needles:<\/strong> 4 mm circular needle (80 cm) and 4 mm double pointed needles<\/p>\n<p><strong>Gauge:<\/strong> 18 sts = 10 cm stockinette stitch with 4 mm needles<\/p>\n<p><strong>Sizes:<\/strong> 38-42 (44-48)<\/p>","protected":false},"featured_media":16286,"template":"","meta":{"nf_dc_page":"","_monsterinsights_skip_tracking":false,"_monsterinsights_sitenote_active":false,"_monsterinsights_sitenote_note":"","_monsterinsights_sitenote_category":0},"product_brand":[],"product_cat":[53,39],"product_tag":[168,149,173,169,171,170,174,172],"class_list":{"0":"post-16429","1":"product","2":"type-product","3":"status-publish","4":"has-post-thumbnail","6":"product_cat-patterns","7":"product_cat-sweater","8":"product_tag-cotton-sweater","9":"product_tag-helli-knits","10":"product_tag-kesaneule","11":"product_tag-knitted-sweater","12":"product_tag-kuvioneule","13":"product_tag-puuvillaneule","14":"product_tag-pykareunus","15":"product_tag-summer-knit","16":"product_shipping_class-digital-product","18":"first","19":"instock","20":"taxable","21":"shipping-taxable","22":"purchasable","23":"product-type-variable"},"yoast_head":"<!-- This site is optimized with the Yoast SEO plugin v27.6 - https:\/\/yoast.com\/product\/yoast-seo-wordpress\/ -->\n<title>Helli Knits - Aida sweater - Knitting pattern - Summer knits<\/title>\n<meta name=\"description\" content=\"Aida sweater is the ultimate summer knit! It is made with 100 % cotton, so it is breezy and cool for hot summer days, but warm enough for the chiller...\" \/>\n<meta name=\"robots\" content=\"index, follow, max-snippet:-1, max-image-preview:large, max-video-preview:-1\" \/>\n<link rel=\"canonical\" href=\"https:\/\/helliknits.com\/fi\/tuote\/aida-sweater\/\" \/>\n<meta property=\"og:locale\" content=\"fi_FI\" \/>\n<meta property=\"og:type\" content=\"article\" \/>\n<meta property=\"og:title\" content=\"Helli Knits - Aida sweater - Knitting pattern - Summer knits\" \/>\n<meta property=\"og:description\" content=\"Aida sweater is the ultimate summer knit! It is made with 100 % cotton, so it is breezy and cool for hot summer days, but warm enough for the chiller...\" \/>\n<meta property=\"og:url\" content=\"https:\/\/helliknits.com\/fi\/tuote\/aida-sweater\/\" \/>\n<meta property=\"og:site_name\" content=\"Helliknits\" \/>\n<meta property=\"article:modified_time\" content=\"2025-06-25T20:23:23+00:00\" \/>\n<meta property=\"og:image\" content=\"https:\/\/helliknits.com\/wp-content\/uploads\/2021\/09\/434574074_933764462090711_91287930866211973_n.jpg\" \/>\n\t<meta property=\"og:image:width\" content=\"1440\" \/>\n\t<meta property=\"og:image:height\" content=\"1440\" \/>\n\t<meta property=\"og:image:type\" content=\"image\/jpeg\" \/>\n<meta name=\"twitter:card\" content=\"summary_large_image\" \/>\n<meta name=\"twitter:label1\" content=\"Arvioitu lukuaika\" \/>\n\t<meta name=\"twitter:data1\" content=\"1 minuutti\" \/>\n<script type=\"application\/ld+json\" class=\"yoast-schema-graph\">{\"@context\":\"https:\\\/\\\/schema.org\",\"@graph\":[{\"@type\":\"WebPage\",\"@id\":\"https:\\\/\\\/helliknits.com\\\/product\\\/aida-sweater\\\/\",\"url\":\"https:\\\/\\\/helliknits.com\\\/product\\\/aida-sweater\\\/\",\"name\":\"Helli Knits - Aida sweater - Knitting pattern - Summer knits\",\"isPartOf\":{\"@id\":\"https:\\\/\\\/helliknits.com\\\/#website\"},\"primaryImageOfPage\":{\"@id\":\"https:\\\/\\\/helliknits.com\\\/product\\\/aida-sweater\\\/#primaryimage\"},\"image\":{\"@id\":\"https:\\\/\\\/helliknits.com\\\/product\\\/aida-sweater\\\/#primaryimage\"},\"thumbnailUrl\":\"https:\\\/\\\/i0.wp.com\\\/helliknits.com\\\/wp-content\\\/uploads\\\/2021\\\/09\\\/434574074_933764462090711_91287930866211973_n.jpg?fit=1440%2C1440&ssl=1\",\"datePublished\":\"2024-05-09T18:04:32+00:00\",\"dateModified\":\"2025-06-25T20:23:23+00:00\",\"description\":\"Aida sweater is the ultimate summer knit! It is made with 100 % cotton, so it is breezy and cool for hot summer days, but warm enough for the chiller...\",\"breadcrumb\":{\"@id\":\"https:\\\/\\\/helliknits.com\\\/product\\\/aida-sweater\\\/#breadcrumb\"},\"inLanguage\":\"fi\",\"potentialAction\":[{\"@type\":\"ReadAction\",\"target\":[\"https:\\\/\\\/helliknits.com\\\/product\\\/aida-sweater\\\/\"]}]},{\"@type\":\"ImageObject\",\"inLanguage\":\"fi\",\"@id\":\"https:\\\/\\\/helliknits.com\\\/product\\\/aida-sweater\\\/#primaryimage\",\"url\":\"https:\\\/\\\/i0.wp.com\\\/helliknits.com\\\/wp-content\\\/uploads\\\/2021\\\/09\\\/434574074_933764462090711_91287930866211973_n.jpg?fit=1440%2C1440&ssl=1\",\"contentUrl\":\"https:\\\/\\\/i0.wp.com\\\/helliknits.com\\\/wp-content\\\/uploads\\\/2021\\\/09\\\/434574074_933764462090711_91287930866211973_n.jpg?fit=1440%2C1440&ssl=1\",\"width\":1440,\"height\":1440,\"caption\":\"Helli Knits Aida sweater\"},{\"@type\":\"BreadcrumbList\",\"@id\":\"https:\\\/\\\/helliknits.com\\\/product\\\/aida-sweater\\\/#breadcrumb\",\"itemListElement\":[{\"@type\":\"ListItem\",\"position\":1,\"name\":\"Home\",\"item\":\"https:\\\/\\\/helliknits.com\\\/\"},{\"@type\":\"ListItem\",\"position\":2,\"name\":\"Shop\",\"item\":\"https:\\\/\\\/helliknits.com\\\/shop\\\/\"},{\"@type\":\"ListItem\",\"position\":3,\"name\":\"Aida sweater\"}]},{\"@type\":\"WebSite\",\"@id\":\"https:\\\/\\\/helliknits.com\\\/#website\",\"url\":\"https:\\\/\\\/helliknits.com\\\/\",\"name\":\"Helliknits\",\"description\":\"Happy knitting!\",\"potentialAction\":[{\"@type\":\"SearchAction\",\"target\":{\"@type\":\"EntryPoint\",\"urlTemplate\":\"https:\\\/\\\/helliknits.com\\\/?s={search_term_string}\"},\"query-input\":{\"@type\":\"PropertyValueSpecification\",\"valueRequired\":true,\"valueName\":\"search_term_string\"}}],\"inLanguage\":\"fi\"}]}<\/script>\n<!-- \/ Yoast SEO plugin. -->","yoast_head_json":{"title":"Helli Knits - Aida sweater - Knitting pattern - Summer knits","description":"Aida sweater is the ultimate summer knit! It is made with 100 % cotton, so it is breezy and cool for hot summer days, but warm enough for the chiller...","robots":{"index":"index","follow":"follow","max-snippet":"max-snippet:-1","max-image-preview":"max-image-preview:large","max-video-preview":"max-video-preview:-1"},"canonical":"https:\/\/helliknits.com\/fi\/tuote\/aida-sweater\/","og_locale":"fi_FI","og_type":"article","og_title":"Helli Knits - Aida sweater - Knitting pattern - Summer knits","og_description":"Aida sweater is the ultimate summer knit! It is made with 100 % cotton, so it is breezy and cool for hot summer days, but warm enough for the chiller...","og_url":"https:\/\/helliknits.com\/fi\/tuote\/aida-sweater\/","og_site_name":"Helliknits","article_modified_time":"2025-06-25T20:23:23+00:00","og_image":[{"width":1440,"height":1440,"url":"https:\/\/helliknits.com\/wp-content\/uploads\/2021\/09\/434574074_933764462090711_91287930866211973_n.jpg","type":"image\/jpeg"}],"twitter_card":"summary_large_image","twitter_misc":{"Arvioitu lukuaika":"1 minuutti"},"schema":{"@context":"https:\/\/schema.org","@graph":[{"@type":"WebPage","@id":"https:\/\/helliknits.com\/product\/aida-sweater\/","url":"https:\/\/helliknits.com\/product\/aida-sweater\/","name":"Helli Knits - Aida sweater - Knitting pattern - Summer knits","isPartOf":{"@id":"https:\/\/helliknits.com\/#website"},"primaryImageOfPage":{"@id":"https:\/\/helliknits.com\/product\/aida-sweater\/#primaryimage"},"image":{"@id":"https:\/\/helliknits.com\/product\/aida-sweater\/#primaryimage"},"thumbnailUrl":"https:\/\/i0.wp.com\/helliknits.com\/wp-content\/uploads\/2021\/09\/434574074_933764462090711_91287930866211973_n.jpg?fit=1440%2C1440&ssl=1","datePublished":"2024-05-09T18:04:32+00:00","dateModified":"2025-06-25T20:23:23+00:00","description":"Aida sweater is the ultimate summer knit! It is made with 100 % cotton, so it is breezy and cool for hot summer days, but warm enough for the chiller...","breadcrumb":{"@id":"https:\/\/helliknits.com\/product\/aida-sweater\/#breadcrumb"},"inLanguage":"fi","potentialAction":[{"@type":"ReadAction","target":["https:\/\/helliknits.com\/product\/aida-sweater\/"]}]},{"@type":"ImageObject","inLanguage":"fi","@id":"https:\/\/helliknits.com\/product\/aida-sweater\/#primaryimage","url":"https:\/\/i0.wp.com\/helliknits.com\/wp-content\/uploads\/2021\/09\/434574074_933764462090711_91287930866211973_n.jpg?fit=1440%2C1440&ssl=1","contentUrl":"https:\/\/i0.wp.com\/helliknits.com\/wp-content\/uploads\/2021\/09\/434574074_933764462090711_91287930866211973_n.jpg?fit=1440%2C1440&ssl=1","width":1440,"height":1440,"caption":"Helli Knits Aida sweater"},{"@type":"BreadcrumbList","@id":"https:\/\/helliknits.com\/product\/aida-sweater\/#breadcrumb","itemListElement":[{"@type":"ListItem","position":1,"name":"Home","item":"https:\/\/helliknits.com\/"},{"@type":"ListItem","position":2,"name":"Shop","item":"https:\/\/helliknits.com\/shop\/"},{"@type":"ListItem","position":3,"name":"Aida sweater"}]},{"@type":"WebSite","@id":"https:\/\/helliknits.com\/#website","url":"https:\/\/helliknits.com\/","name":"Helliknits","description":"Happy knitting!","potentialAction":[{"@type":"SearchAction","target":{"@type":"EntryPoint","urlTemplate":"https:\/\/helliknits.com\/?s={search_term_string}"},"query-input":{"@type":"PropertyValueSpecification","valueRequired":true,"valueName":"search_term_string"}}],"inLanguage":"fi"}]}},"jetpack_sharing_enabled":true,"_links":{"self":[{"href":"https:\/\/helliknits.com\/fi\/wp-json\/wp\/v2\/product\/16429","targetHints":{"allow":["GET"]}}],"collection":[{"href":"https:\/\/helliknits.com\/fi\/wp-json\/wp\/v2\/product"}],"about":[{"href":"https:\/\/helliknits.com\/fi\/wp-json\/wp\/v2\/types\/product"}],"version-history":[{"count":3,"href":"https:\/\/helliknits.com\/fi\/wp-json\/wp\/v2\/product\/16429\/revisions"}],"predecessor-version":[{"id":16476,"href":"https:\/\/helliknits.com\/fi\/wp-json\/wp\/v2\/product\/16429\/revisions\/16476"}],"wp:featuredmedia":[{"embeddable":true,"href":"https:\/\/helliknits.com\/fi\/wp-json\/wp\/v2\/media\/16286"}],"wp:attachment":[{"href":"https:\/\/helliknits.com\/fi\/wp-json\/wp\/v2\/media?parent=16429"}],"wp:term":[{"taxonomy":"product_brand","embeddable":true,"href":"https:\/\/helliknits.com\/fi\/wp-json\/wp\/v2\/product_brand?post=16429"},{"taxonomy":"product_cat","embeddable":true,"href":"https:\/\/helliknits.com\/fi\/wp-json\/wp\/v2\/product_cat?post=16429"},{"taxonomy":"product_tag","embeddable":true,"href":"https:\/\/helliknits.com\/fi\/wp-json\/wp\/v2\/product_tag?post=16429"}],"curies":[{"name":"wp","href":"https:\/\/api.w.org\/{rel}","templated":true}]}}