{"id":38,"date":"2021-08-26T12:19:34","date_gmt":"2021-08-26T12:19:34","guid":{"rendered":"http:\/\/dummy.xtemos.com\/woodmart2\/elementor\/?page_id=38"},"modified":"2024-04-22T10:47:06","modified_gmt":"2024-04-22T07:47:06","slug":"blog-2","status":"publish","type":"page","link":"https:\/\/helliknits.com\/fi\/blog-2\/","title":{"rendered":"Blog"},"content":{"rendered":"<div data-elementor-type=\"wp-page\" data-elementor-id=\"38\" class=\"elementor elementor-38\">\n\t\t\t\t\t\t<section class=\"elementor-section elementor-top-section elementor-element elementor-element-db6a041 elementor-section-content-middle elementor-section-boxed elementor-section-height-default elementor-section-height-default\" data-id=\"db6a041\" data-element_type=\"section\" data-e-type=\"section\">\n\t\t\t\t\t\t<div class=\"elementor-container elementor-column-gap-default\">\n\t\t\t\t\t<div class=\"elementor-column elementor-col-100 elementor-top-column elementor-element elementor-element-6552888\" data-id=\"6552888\" data-element_type=\"column\" data-e-type=\"column\">\n\t\t\t<div class=\"elementor-widget-wrap elementor-element-populated\">\n\t\t\t\t\t\t<div class=\"elementor-element elementor-element-9e0444f elementor-widget-mobile__width-initial wd-width-100 elementor-widget elementor-widget-wd_blog\" data-id=\"9e0444f\" data-element_type=\"widget\" data-e-type=\"widget\" data-widget_type=\"wd_blog.default\">\n\t\t\t\t<div class=\"elementor-widget-container\">\n\t\t\t\t\t\t\t\t\t\t\t\t<div class=\"wd-blog-element\">\n\t\t\t\t\t\t\t\t\t\t\t\n\t\t\t\t\t<div class=\"wd-posts wd-blog-holder wd-grid-g\" id=\"6a04bd816a08b\" data-paged=\"1\" data-atts=\"{&quot;post_type&quot;:&quot;post&quot;,&quot;items_per_page&quot;:1,&quot;include&quot;:null,&quot;taxonomies&quot;:&quot;&quot;,&quot;offset&quot;:&quot;&quot;,&quot;orderby&quot;:&quot;&quot;,&quot;order&quot;:&quot;DESC&quot;,&quot;meta_key&quot;:null,&quot;exclude&quot;:&quot;&quot;,&quot;element_title&quot;:&quot;&quot;,&quot;element_title_tag&quot;:&quot;h4&quot;,&quot;parts_media&quot;:true,&quot;parts_title&quot;:&quot;1&quot;,&quot;parts_meta&quot;:&quot;1&quot;,&quot;parts_text&quot;:&quot;1&quot;,&quot;parts_btn&quot;:&quot;1&quot;,&quot;parts_published_date&quot;:&quot;1&quot;,&quot;img_size&quot;:&quot;large&quot;,&quot;blog_design&quot;:&quot;default&quot;,&quot;blog_carousel_design&quot;:null,&quot;blog_masonry&quot;:null,&quot;blog_columns&quot;:null,&quot;blog_columns_tablet&quot;:{&quot;size&quot;:&quot;&quot;},&quot;blog_columns_mobile&quot;:{&quot;size&quot;:&quot;&quot;},&quot;blog_spacing&quot;:null,&quot;blog_spacing_tablet&quot;:&quot;&quot;,&quot;blog_spacing_mobile&quot;:&quot;&quot;,&quot;pagination&quot;:&quot;infinit&quot;,&quot;speed&quot;:null,&quot;slides_per_view&quot;:null,&quot;slides_per_view_tablet&quot;:{&quot;size&quot;:&quot;&quot;},&quot;slides_per_view_mobile&quot;:{&quot;size&quot;:&quot;&quot;},&quot;wrap&quot;:null,&quot;autoplay&quot;:null,&quot;hide_pagination_control&quot;:null,&quot;hide_prev_next_buttons&quot;:null,&quot;scroll_per_page&quot;:null,&quot;lazy_loading&quot;:&quot;no&quot;,&quot;scroll_carousel_init&quot;:null,&quot;ajax_page&quot;:&quot;&quot;,&quot;custom_sizes&quot;:false,&quot;elementor&quot;:true}\" data-source=\"shortcode\">\n\t\t\t\n\t\t\t\t\t\t\t\t\t\t\t\t\t\t\n<article id=\"post-16486\" class=\"wd-post blog-design-default blog-post-loop blog-style-flat wd-col post-16486 post type-post status-publish format-standard has-post-thumbnail hentry category-suomi category-tuotteet tag-aida-pusero tag-helli-knits tag-helli-knits-blogi tag-kesaneule tag-kuvioneule tag-neuleblogi tag-putkineulos tag-puuvillaneule\">\n\t<div class=\"wd-post-inner article-inner\">\n\t\t\t\t\t<div class=\"wd-post-thumb entry-header\">\n\t\t\t\t\t\t\t\t\t<div class=\"wd-post-img post-img-wrapp\">\n\t\t\t\t\t\t<img loading=\"lazy\" decoding=\"async\" width=\"639\" height=\"800\" src=\"https:\/\/i0.wp.com\/helliknits.com\/wp-content\/uploads\/2024\/05\/20240412_122106-scaled-e1716283927120.jpg?fit=639%2C800&amp;ssl=1\" class=\"attachment-large size-large\" alt=\"Helli Knits Aida Sweater\" srcset=\"https:\/\/i0.wp.com\/helliknits.com\/wp-content\/uploads\/2024\/05\/20240412_122106-scaled-e1716283927120.jpg?w=1441&amp;ssl=1 1441w, https:\/\/i0.wp.com\/helliknits.com\/wp-content\/uploads\/2024\/05\/20240412_122106-scaled-e1716283927120.jpg?resize=240%2C300&amp;ssl=1 240w, https:\/\/i0.wp.com\/helliknits.com\/wp-content\/uploads\/2024\/05\/20240412_122106-scaled-e1716283927120.jpg?resize=639%2C800&amp;ssl=1 639w, https:\/\/i0.wp.com\/helliknits.com\/wp-content\/uploads\/2024\/05\/20240412_122106-scaled-e1716283927120.jpg?resize=768%2C961&amp;ssl=1 768w, https:\/\/i0.wp.com\/helliknits.com\/wp-content\/uploads\/2024\/05\/20240412_122106-scaled-e1716283927120.jpg?resize=1227%2C1536&amp;ssl=1 1227w, https:\/\/i0.wp.com\/helliknits.com\/wp-content\/uploads\/2024\/05\/20240412_122106-scaled-e1716283927120.jpg?resize=10%2C12&amp;ssl=1 10w, https:\/\/i0.wp.com\/helliknits.com\/wp-content\/uploads\/2024\/05\/20240412_122106-scaled-e1716283927120.jpg?resize=430%2C538&amp;ssl=1 430w, https:\/\/i0.wp.com\/helliknits.com\/wp-content\/uploads\/2024\/05\/20240412_122106-scaled-e1716283927120.jpg?resize=700%2C876&amp;ssl=1 700w, https:\/\/i0.wp.com\/helliknits.com\/wp-content\/uploads\/2024\/05\/20240412_122106-scaled-e1716283927120.jpg?resize=150%2C188&amp;ssl=1 150w\" sizes=\"auto, (max-width: 639px) 100vw, 639px\" \/>\t\t\t\t\t<\/div>\n\t\t\t\t\t\t\t\t\t\t<a class=\"wd-fill\" tabindex=\"-1\" href=\"https:\/\/helliknits.com\/fi\/aida-pusero\/\" aria-label=\"Link on post Aida-pusero\"><\/a>\n\t\t\t\t\n\t\t\t\t\t\t\t\t\t\t\t\t<div class=\"wd-post-date wd-style-with-bg\">\n\t\t\t\t<span class=\"post-date-day\">\n\t\t\t\t\t21\t\t\t\t<\/span>\n\t\t\t\t<span class=\"post-date-month\">\n\t\t\t\t\ttouko\t\t\t\t<\/span>\n\t\t\t<\/div>\n\t\t\t\t\t\t\t\t\t<\/div>\n\t\t\n\t\t<div class=\"wd-post-content article-body-container\">\n\t\t\t\t\t\t\t<div class=\"wd-post-cat wd-style-with-bg meta-post-categories\">\n\t\t\t\t\t<a href=\"https:\/\/helliknits.com\/fi\/category\/suomi\/\" rel=\"category tag\">Suomi<\/a>, <a href=\"https:\/\/helliknits.com\/fi\/category\/suomi\/tuotteet\/\" rel=\"category tag\">Tuotteet<\/a>\t\t\t\t<\/div>\n\t\t\t\n\t\t\t\t\t\t\t<h3 class=\"wd-post-title wd-entities-title title post-title\">\n\t\t\t\t\t<a href=\"https:\/\/helliknits.com\/fi\/aida-pusero\/\" rel=\"bookmark\">Aida-pusero<\/a>\n\t\t\t\t<\/h3>\n\t\t\t\n\t\t\t\t\t\t\t<div class=\"wd-post-meta\">\n\t\t\t\t\t\t\t\t\t\t\t\t\t\t\t<div class=\"wd-post-author\">\n\t\t\t\t\t\t\t\t\t\t\t<span>Posted by<\/span>\n\t\t\n\t\t\t\t\t\t\t\n\t\t\t\t\t<a href=\"https:\/\/helliknits.com\/fi\/author\/niemi-anni\/\" class=\"author\" rel=\"author\">Anni<\/a>\n\t\t\t\t\t\t\t\t\t<\/div>\n\t\t\t\t\t<div class=\"wd-modified-date\">\n\t\t\t\t\t\t\t\t<time class=\"updated\" datetime=\"2024-05-21T14:25:35+03:00\">\n\t\t\t21 toukokuun, 2024\t\t<\/time>\n\t\t\t\t\t\t\t<\/div>\n\n\t\t\t\t\t\t\t\t\t\t\t<div tabindex=\"0\" class=\"wd-post-share wd-tltp\">\n\t\t\t\t\t\t\t<div class=\"tooltip top\">\n\t\t\t\t\t\t\t\t<div class=\"tooltip-inner\">\n\t\t\t\t\t\t\t\t\t\t\t\t<div\n\t\t\t\t\t\tclass=\"wd-social-icons wd-style-default wd-size-small social-share wd-shape-circle color-scheme-light text-center\">\n\t\t\t\t\n\t\t\t\t\n\t\t\t\t\t\t\t\t\t<a rel=\"noopener noreferrer nofollow\" href=\"https:\/\/www.facebook.com\/sharer\/sharer.php?u=https:\/\/helliknits.com\/fi\/aida-pusero\/\" target=\"_blank\" class=\"wd-social-icon social-facebook\" aria-label=\"Facebook social link\">\n\t\t\t\t\t\t<span class=\"wd-icon\"><\/span>\n\t\t\t\t\t\t\t\t\t\t\t<\/a>\n\t\t\t\t\n\t\t\t\t\t\t\t\t\t<a rel=\"noopener noreferrer nofollow\" href=\"https:\/\/x.com\/share?url=https:\/\/helliknits.com\/fi\/aida-pusero\/\" target=\"_blank\" class=\"wd-social-icon social-twitter\" aria-label=\"X social link\">\n\t\t\t\t\t\t<span class=\"wd-icon\"><\/span>\n\t\t\t\t\t\t\t\t\t\t\t<\/a>\n\t\t\t\t\n\t\t\t\t\n\t\t\t\t\n\t\t\t\t\n\t\t\t\t\n\t\t\t\t\n\t\t\t\t\t\t\t\t\t<a rel=\"noopener noreferrer nofollow\" href=\"https:\/\/pinterest.com\/pin\/create\/button\/?url=https:\/\/helliknits.com\/fi\/aida-pusero\/&#038;media=https:\/\/helliknits.com\/wp-content\/uploads\/2024\/05\/20240412_122106-scaled-e1716283927120.jpg&#038;description=Aida-pusero\" target=\"_blank\" class=\"wd-social-icon social-pinterest\" aria-label=\"Pinterest social link\">\n\t\t\t\t\t\t<span class=\"wd-icon\"><\/span>\n\t\t\t\t\t\t\t\t\t\t\t<\/a>\n\t\t\t\t\n\t\t\t\t\n\t\t\t\t\t\t\t\t\t<a rel=\"noopener noreferrer nofollow\" href=\"https:\/\/www.linkedin.com\/shareArticle?mini=true&#038;url=https:\/\/helliknits.com\/fi\/aida-pusero\/\" target=\"_blank\" class=\"wd-social-icon social-linkedin\" aria-label=\"Linkedin social link\">\n\t\t\t\t\t\t<span class=\"wd-icon\"><\/span>\n\t\t\t\t\t\t\t\t\t\t\t<\/a>\n\t\t\t\t\n\t\t\t\t\n\t\t\t\t\n\t\t\t\t\n\t\t\t\t\n\t\t\t\t\n\t\t\t\t\n\t\t\t\t\n\t\t\t\t\n\t\t\t\t\t\t\t\t\t<a rel=\"noopener noreferrer nofollow\" href=\"https:\/\/api.whatsapp.com\/send?text=https%3A%2F%2Fhelliknits.com%2Ffi%2Faida-pusero%2F\" target=\"_blank\" class=\"wd-hide-md wd-social-icon social-whatsapp\" aria-label=\"WhatsApp social link\">\n\t\t\t\t\t\t<span class=\"wd-icon\"><\/span>\n\t\t\t\t\t\t\t\t\t\t\t<\/a>\n\n\t\t\t\t\t<a rel=\"noopener noreferrer nofollow\" href=\"whatsapp:\/\/send?text=http:\/\/https%3A%2F%2Fhelliknits.com%2Ffi%2Faida-pusero%2F\" target=\"_blank\" class=\"wd-hide-lg wd-social-icon social-whatsapp\" aria-label=\"WhatsApp social link\">\n\t\t\t\t\t\t<span class=\"wd-icon\"><\/span>\n\t\t\t\t\t\t\t\t\t\t\t<\/a>\n\t\t\t\t\n\t\t\t\t\n\t\t\t\t\n\t\t\t\t\n\t\t\t\t\n\t\t\t\t\n\t\t\t\t\t\t\t\t\t<a rel=\"noopener noreferrer nofollow\" href=\"https:\/\/telegram.me\/share\/url?url=https:\/\/helliknits.com\/fi\/aida-pusero\/\" target=\"_blank\" class=\"wd-social-icon social-tg\" aria-label=\"Telegram social link\">\n\t\t\t\t\t\t<span class=\"wd-icon\"><\/span>\n\t\t\t\t\t\t\t\t\t\t\t<\/a>\n\t\t\t\t\n\t\t\t\t\n\t\t\t<\/div>\n\n\t\t\t\t\t\t\t\t\t\t<\/div>\n\t\t\t\t\t\t\t\t<div class=\"tooltip-arrow\"><\/div>\n\t\t\t\t\t\t\t<\/div>\n\t\t\t\t\t\t<\/div>\n\t\t\t\t\t\n\t\t\t\t\t\t\t\t\t<\/div>\n\t\t\t\n\t\t\t\t\t\t\t\t\t\t\t\t<div class=\"wd-post-excerpt entry-content\">\n\t\t\t\t\t\tJoko nyt saa sanoa, ett\u00e4 on tullut kes\u00e4? Ainakin hetkitt\u00e4in silt\u00e4 vaikuttaa. Vaikka t\u00e4n\u00e4 aamuna mittari n\u00e4ytti nelj\u00e4 astetta... Siit\u00e4kin huolimatta puin aamulla Aida-puseron p\u00e4\u00e4lle ja heti tuli kes\u00e4is...\t\t\t\t\t<\/div>\n\t\t\t\t\n\t\t\t\t\t\t\t\t\t\t\t\t\t\t<div class=\"wd-post-read-more wd-style-link read-more-section\">\n\t\t\t\t\t\t<a class=\"\" href=\"https:\/\/helliknits.com\/fi\/aida-pusero\/\">Continue reading<\/a>\t\t\t\t\t<\/div>\n\t\t\t\t\t\t\t\t\t\t\t\t\t<\/div>\n\t<\/div>\n<\/article>\n\n\t\t\t\t\n\t\t\t\t\t\t\t\t<\/div>\n\t\t\t\n\t\t\t\t\t\t\t<div class=\"wd-loop-footer blog-footer\">\n\t\t\t\t\t\t\t\t\t\t\t\t\t\t\t\t\t\t\t\t\t\t\t\t\t\t\t\t\t\t\t\t\t\t\t\t\t\t\t\t\t\t\t\t\t\t\t\t<a href=\"#\" data-holder-id=\"6a04bd816a08b\" rel=\"nofollow noopener\" class=\"btn wd-load-more wd-blog-load-more load-on-scroll\"><span class=\"load-more-label\">Load more posts<\/span><\/a>\n\t\t\t\t\t\t<div class=\"btn wd-load-more wd-load-more-loader\"><span class=\"load-more-loading\">Loading...<\/span><\/div>\n\t\t\t\t\t\t\t\t\t<\/div>\n\t\t\t\t\t\t\t\t\t\t<\/div>\n\t\t\t\t\t\t\t\t\t\t<\/div>\n\t\t\t\t<\/div>\n\t\t\t\t\t<\/div>\n\t\t<\/div>\n\t\t\t\t\t<\/div>\n\t\t<\/section>\n\t\t\t\t<\/div>","protected":false},"excerpt":{"rendered":"<p>20 Apr English, Products Aava-bag April 22, 2024 Posted by Anni 0 comments If you don&#8217;t count today&#8217;s snowstorm, it<\/p>","protected":false},"author":1,"featured_media":0,"parent":0,"menu_order":0,"comment_status":"closed","ping_status":"closed","template":"","meta":{"nf_dc_page":"","_monsterinsights_skip_tracking":false,"_monsterinsights_sitenote_active":false,"_monsterinsights_sitenote_note":"","_monsterinsights_sitenote_category":0,"footnotes":""},"class_list":["post-38","page","type-page","status-publish","hentry"],"yoast_head":"<!-- This site is optimized with the Yoast SEO plugin v27.6 - https:\/\/yoast.com\/product\/yoast-seo-wordpress\/ -->\n<title>Blog - Helliknits<\/title>\n<meta name=\"robots\" content=\"index, follow, max-snippet:-1, max-image-preview:large, max-video-preview:-1\" \/>\n<link rel=\"canonical\" href=\"https:\/\/helliknits.com\/fi\/blog-2\/\" \/>\n<meta property=\"og:locale\" content=\"fi_FI\" \/>\n<meta property=\"og:type\" content=\"article\" \/>\n<meta property=\"og:title\" content=\"Blog - Helliknits\" \/>\n<meta property=\"og:description\" content=\"20 Apr English, Products Aava-bag April 22, 2024 Posted by Anni 0 comments If you don&#8217;t count today&#8217;s snowstorm, it\" \/>\n<meta property=\"og:url\" content=\"https:\/\/helliknits.com\/fi\/blog-2\/\" \/>\n<meta property=\"og:site_name\" content=\"Helliknits\" \/>\n<meta property=\"article:modified_time\" content=\"2024-04-22T07:47:06+00:00\" \/>\n<meta property=\"og:image\" content=\"https:\/\/helliknits.com\/wp-content\/uploads\/2021\/09\/436210340_439235721904955_4169088719178070717_n.jpg\" \/>\n<meta name=\"twitter:card\" content=\"summary_large_image\" \/>\n<meta name=\"twitter:label1\" content=\"Arvioitu lukuaika\" \/>\n\t<meta name=\"twitter:data1\" content=\"3 minuuttia\" \/>\n<script type=\"application\/ld+json\" class=\"yoast-schema-graph\">{\"@context\":\"https:\\\/\\\/schema.org\",\"@graph\":[{\"@type\":\"WebPage\",\"@id\":\"https:\\\/\\\/helliknits.com\\\/en\\\/blog-2\\\/\",\"url\":\"https:\\\/\\\/helliknits.com\\\/en\\\/blog-2\\\/\",\"name\":\"Blog - Helliknits\",\"isPartOf\":{\"@id\":\"https:\\\/\\\/helliknits.com\\\/#website\"},\"primaryImageOfPage\":{\"@id\":\"https:\\\/\\\/helliknits.com\\\/en\\\/blog-2\\\/#primaryimage\"},\"image\":{\"@id\":\"https:\\\/\\\/helliknits.com\\\/en\\\/blog-2\\\/#primaryimage\"},\"thumbnailUrl\":\"https:\\\/\\\/helliknits.com\\\/wp-content\\\/uploads\\\/2021\\\/09\\\/436210340_439235721904955_4169088719178070717_n.jpg\",\"datePublished\":\"2021-08-26T12:19:34+00:00\",\"dateModified\":\"2024-04-22T07:47:06+00:00\",\"breadcrumb\":{\"@id\":\"https:\\\/\\\/helliknits.com\\\/en\\\/blog-2\\\/#breadcrumb\"},\"inLanguage\":\"fi\",\"potentialAction\":[{\"@type\":\"ReadAction\",\"target\":[\"https:\\\/\\\/helliknits.com\\\/en\\\/blog-2\\\/\"]}]},{\"@type\":\"ImageObject\",\"inLanguage\":\"fi\",\"@id\":\"https:\\\/\\\/helliknits.com\\\/en\\\/blog-2\\\/#primaryimage\",\"url\":\"https:\\\/\\\/helliknits.com\\\/wp-content\\\/uploads\\\/2021\\\/09\\\/436210340_439235721904955_4169088719178070717_n.jpg\",\"contentUrl\":\"https:\\\/\\\/helliknits.com\\\/wp-content\\\/uploads\\\/2021\\\/09\\\/436210340_439235721904955_4169088719178070717_n.jpg\"},{\"@type\":\"BreadcrumbList\",\"@id\":\"https:\\\/\\\/helliknits.com\\\/en\\\/blog-2\\\/#breadcrumb\",\"itemListElement\":[{\"@type\":\"ListItem\",\"position\":1,\"name\":\"Home\",\"item\":\"https:\\\/\\\/helliknits.com\\\/\"},{\"@type\":\"ListItem\",\"position\":2,\"name\":\"Blog\"}]},{\"@type\":\"WebSite\",\"@id\":\"https:\\\/\\\/helliknits.com\\\/#website\",\"url\":\"https:\\\/\\\/helliknits.com\\\/\",\"name\":\"Helliknits\",\"description\":\"Happy knitting!\",\"potentialAction\":[{\"@type\":\"SearchAction\",\"target\":{\"@type\":\"EntryPoint\",\"urlTemplate\":\"https:\\\/\\\/helliknits.com\\\/?s={search_term_string}\"},\"query-input\":{\"@type\":\"PropertyValueSpecification\",\"valueRequired\":true,\"valueName\":\"search_term_string\"}}],\"inLanguage\":\"fi\"}]}<\/script>\n<!-- \/ Yoast SEO plugin. -->","yoast_head_json":{"title":"Blog - Helliknits","robots":{"index":"index","follow":"follow","max-snippet":"max-snippet:-1","max-image-preview":"max-image-preview:large","max-video-preview":"max-video-preview:-1"},"canonical":"https:\/\/helliknits.com\/fi\/blog-2\/","og_locale":"fi_FI","og_type":"article","og_title":"Blog - Helliknits","og_description":"20 Apr English, Products Aava-bag April 22, 2024 Posted by Anni 0 comments If you don&#8217;t count today&#8217;s snowstorm, it","og_url":"https:\/\/helliknits.com\/fi\/blog-2\/","og_site_name":"Helliknits","article_modified_time":"2024-04-22T07:47:06+00:00","og_image":[{"url":"https:\/\/helliknits.com\/wp-content\/uploads\/2021\/09\/436210340_439235721904955_4169088719178070717_n.jpg","type":"","width":"","height":""}],"twitter_card":"summary_large_image","twitter_misc":{"Arvioitu lukuaika":"3 minuuttia"},"schema":{"@context":"https:\/\/schema.org","@graph":[{"@type":"WebPage","@id":"https:\/\/helliknits.com\/en\/blog-2\/","url":"https:\/\/helliknits.com\/en\/blog-2\/","name":"Blog - Helliknits","isPartOf":{"@id":"https:\/\/helliknits.com\/#website"},"primaryImageOfPage":{"@id":"https:\/\/helliknits.com\/en\/blog-2\/#primaryimage"},"image":{"@id":"https:\/\/helliknits.com\/en\/blog-2\/#primaryimage"},"thumbnailUrl":"https:\/\/helliknits.com\/wp-content\/uploads\/2021\/09\/436210340_439235721904955_4169088719178070717_n.jpg","datePublished":"2021-08-26T12:19:34+00:00","dateModified":"2024-04-22T07:47:06+00:00","breadcrumb":{"@id":"https:\/\/helliknits.com\/en\/blog-2\/#breadcrumb"},"inLanguage":"fi","potentialAction":[{"@type":"ReadAction","target":["https:\/\/helliknits.com\/en\/blog-2\/"]}]},{"@type":"ImageObject","inLanguage":"fi","@id":"https:\/\/helliknits.com\/en\/blog-2\/#primaryimage","url":"https:\/\/helliknits.com\/wp-content\/uploads\/2021\/09\/436210340_439235721904955_4169088719178070717_n.jpg","contentUrl":"https:\/\/helliknits.com\/wp-content\/uploads\/2021\/09\/436210340_439235721904955_4169088719178070717_n.jpg"},{"@type":"BreadcrumbList","@id":"https:\/\/helliknits.com\/en\/blog-2\/#breadcrumb","itemListElement":[{"@type":"ListItem","position":1,"name":"Home","item":"https:\/\/helliknits.com\/"},{"@type":"ListItem","position":2,"name":"Blog"}]},{"@type":"WebSite","@id":"https:\/\/helliknits.com\/#website","url":"https:\/\/helliknits.com\/","name":"Helliknits","description":"Happy knitting!","potentialAction":[{"@type":"SearchAction","target":{"@type":"EntryPoint","urlTemplate":"https:\/\/helliknits.com\/?s={search_term_string}"},"query-input":{"@type":"PropertyValueSpecification","valueRequired":true,"valueName":"search_term_string"}}],"inLanguage":"fi"}]}},"jetpack_sharing_enabled":true,"_links":{"self":[{"href":"https:\/\/helliknits.com\/fi\/wp-json\/wp\/v2\/pages\/38","targetHints":{"allow":["GET"]}}],"collection":[{"href":"https:\/\/helliknits.com\/fi\/wp-json\/wp\/v2\/pages"}],"about":[{"href":"https:\/\/helliknits.com\/fi\/wp-json\/wp\/v2\/types\/page"}],"author":[{"embeddable":true,"href":"https:\/\/helliknits.com\/fi\/wp-json\/wp\/v2\/users\/1"}],"replies":[{"embeddable":true,"href":"https:\/\/helliknits.com\/fi\/wp-json\/wp\/v2\/comments?post=38"}],"version-history":[{"count":5,"href":"https:\/\/helliknits.com\/fi\/wp-json\/wp\/v2\/pages\/38\/revisions"}],"predecessor-version":[{"id":16385,"href":"https:\/\/helliknits.com\/fi\/wp-json\/wp\/v2\/pages\/38\/revisions\/16385"}],"wp:attachment":[{"href":"https:\/\/helliknits.com\/fi\/wp-json\/wp\/v2\/media?parent=38"}],"curies":[{"name":"wp","href":"https:\/\/api.w.org\/{rel}","templated":true}]}}